{"id":6290,"date":"2023-05-29T08:14:02","date_gmt":"2023-05-29T08:14:02","guid":{"rendered":"https:\/\/www.asociacioncaminos.es\/manifesto-against-nscr-23\/"},"modified":"2023-10-21T11:45:42","modified_gmt":"2023-10-21T11:45:42","slug":"manifesto-against-nscr-23","status":"publish","type":"page","link":"https:\/\/www.asociacioncaminos.es\/en\/manifesto-against-nscr-23\/","title":{"rendered":"Manifesto against NSCR-23"},"content":{"rendered":"\t\t<div data-elementor-type=\"wp-page\" data-elementor-id=\"6290\" class=\"elementor elementor-6290 elementor-5784\" data-elementor-post-type=\"page\">\n\t\t\t\t\t\t<section class=\"elementor-section elementor-top-section elementor-element elementor-element-2f25b96 elementor-hidden-mobile elementor-section-boxed elementor-section-height-default elementor-section-height-default\" data-id=\"2f25b96\" data-element_type=\"section\" data-e-type=\"section\">\n\t\t\t\t\t\t\t<div class=\"elementor-background-overlay\"><\/div>\n\t\t\t\t\t\t\t<div class=\"elementor-container elementor-column-gap-default\">\n\t\t\t\t\t<div class=\"elementor-column elementor-col-100 elementor-top-column elementor-element elementor-element-6aa7097\" data-id=\"6aa7097\" data-element_type=\"column\" data-e-type=\"column\" data-settings=\"{&quot;background_background&quot;:&quot;classic&quot;}\">\n\t\t\t<div class=\"elementor-widget-wrap elementor-element-populated\">\n\t\t\t\t\t<div class=\"elementor-background-overlay\"><\/div>\n\t\t\t\t\t\t<div class=\"elementor-element elementor-element-61ea904 elementor-widget elementor-widget-spacer\" data-id=\"61ea904\" data-element_type=\"widget\" data-e-type=\"widget\" data-widget_type=\"spacer.default\">\n\t\t\t\t<div class=\"elementor-widget-container\">\n\t\t\t\t\t\t\t<div class=\"elementor-spacer\">\n\t\t\t<div class=\"elementor-spacer-inner\"><\/div>\n\t\t<\/div>\n\t\t\t\t\t\t<\/div>\n\t\t\t\t<\/div>\n\t\t\t\t<div class=\"elementor-element elementor-element-e94e3dc elementor-widget elementor-widget-heading\" data-id=\"e94e3dc\" data-element_type=\"widget\" data-e-type=\"widget\" data-widget_type=\"heading.default\">\n\t\t\t\t<div class=\"elementor-widget-container\">\n\t\t\t\t\t<h2 class=\"elementor-heading-title elementor-size-default\">Manifesto against NSCR-23<\/h2>\t\t\t\t<\/div>\n\t\t\t\t<\/div>\n\t\t\t\t<div class=\"elementor-element elementor-element-dbd7f4a elementor-widget-divider--view-line elementor-widget elementor-widget-divider\" data-id=\"dbd7f4a\" data-element_type=\"widget\" data-e-type=\"widget\" data-widget_type=\"divider.default\">\n\t\t\t\t<div class=\"elementor-widget-container\">\n\t\t\t\t\t\t\t<div class=\"elementor-divider\">\n\t\t\t<span class=\"elementor-divider-separator\">\n\t\t\t\t\t\t<\/span>\n\t\t<\/div>\n\t\t\t\t\t\t<\/div>\n\t\t\t\t<\/div>\n\t\t\t\t<div class=\"elementor-element elementor-element-6e13d4b elementor-widget elementor-widget-spacer\" data-id=\"6e13d4b\" data-element_type=\"widget\" data-e-type=\"widget\" data-widget_type=\"spacer.default\">\n\t\t\t\t<div class=\"elementor-widget-container\">\n\t\t\t\t\t\t\t<div class=\"elementor-spacer\">\n\t\t\t<div class=\"elementor-spacer-inner\"><\/div>\n\t\t<\/div>\n\t\t\t\t\t\t<\/div>\n\t\t\t\t<\/div>\n\t\t\t\t\t<\/div>\n\t\t<\/div>\n\t\t\t\t\t<\/div>\n\t\t<\/section>\n\t\t\t\t<section class=\"elementor-section elementor-top-section elementor-element elementor-element-517ccc4 elementor-hidden-desktop elementor-hidden-tablet elementor-section-boxed elementor-section-height-default elementor-section-height-default\" data-id=\"517ccc4\" data-element_type=\"section\" data-e-type=\"section\">\n\t\t\t\t\t\t\t<div class=\"elementor-background-overlay\"><\/div>\n\t\t\t\t\t\t\t<div class=\"elementor-container elementor-column-gap-default\">\n\t\t\t\t\t<div class=\"elementor-column elementor-col-100 elementor-top-column elementor-element elementor-element-a84b278\" data-id=\"a84b278\" data-element_type=\"column\" data-e-type=\"column\" data-settings=\"{&quot;background_background&quot;:&quot;classic&quot;}\">\n\t\t\t<div class=\"elementor-widget-wrap elementor-element-populated\">\n\t\t\t\t\t<div class=\"elementor-background-overlay\"><\/div>\n\t\t\t\t\t\t<div class=\"elementor-element elementor-element-7aa9410 elementor-widget elementor-widget-text-editor\" data-id=\"7aa9410\" data-element_type=\"widget\" data-e-type=\"widget\" data-widget_type=\"text-editor.default\">\n\t\t\t\t<div class=\"elementor-widget-container\">\n\t\t\t\t\t\t\t\t\t<p style=\"text-align: center;\">Manifiesto against NSCR-23<\/p>\t\t\t\t\t\t\t\t<\/div>\n\t\t\t\t<\/div>\n\t\t\t\t<div class=\"elementor-element elementor-element-e8103e7 elementor-widget-divider--view-line elementor-widget elementor-widget-divider\" data-id=\"e8103e7\" data-element_type=\"widget\" data-e-type=\"widget\" data-widget_type=\"divider.default\">\n\t\t\t\t<div class=\"elementor-widget-container\">\n\t\t\t\t\t\t\t<div class=\"elementor-divider\">\n\t\t\t<span class=\"elementor-divider-separator\">\n\t\t\t\t\t\t<\/span>\n\t\t<\/div>\n\t\t\t\t\t\t<\/div>\n\t\t\t\t<\/div>\n\t\t\t\t\t<\/div>\n\t\t<\/div>\n\t\t\t\t\t<\/div>\n\t\t<\/section>\n\t\t\t\t<section class=\"elementor-section elementor-top-section elementor-element elementor-element-23f38ab elementor-section-boxed elementor-section-height-default elementor-section-height-default\" data-id=\"23f38ab\" data-element_type=\"section\" data-e-type=\"section\">\n\t\t\t\t\t\t<div class=\"elementor-container elementor-column-gap-default\">\n\t\t\t\t\t<div class=\"elementor-column elementor-col-100 elementor-top-column elementor-element elementor-element-5733892\" data-id=\"5733892\" data-element_type=\"column\" data-e-type=\"column\">\n\t\t\t<div class=\"elementor-widget-wrap elementor-element-populated\">\n\t\t\t\t\t\t<div class=\"elementor-element elementor-element-1005ee5 elementor-widget elementor-widget-spacer\" data-id=\"1005ee5\" data-element_type=\"widget\" data-e-type=\"widget\" data-widget_type=\"spacer.default\">\n\t\t\t\t<div class=\"elementor-widget-container\">\n\t\t\t\t\t\t\t<div class=\"elementor-spacer\">\n\t\t\t<div class=\"elementor-spacer-inner\"><\/div>\n\t\t<\/div>\n\t\t\t\t\t\t<\/div>\n\t\t\t\t<\/div>\n\t\t\t\t<div class=\"elementor-element elementor-element-bb95bad elementor-widget elementor-widget-heading\" data-id=\"bb95bad\" data-element_type=\"widget\" data-e-type=\"widget\" data-widget_type=\"heading.default\">\n\t\t\t\t<div class=\"elementor-widget-container\">\n\t\t\t\t\t<h2 class=\"elementor-heading-title elementor-size-default\">Manifesto against the new seismic-resistant standard NSCR-23<\/h2>\t\t\t\t<\/div>\n\t\t\t\t<\/div>\n\t\t\t\t\t<\/div>\n\t\t<\/div>\n\t\t\t\t\t<\/div>\n\t\t<\/section>\n\t\t\t\t<section class=\"elementor-section elementor-top-section elementor-element elementor-element-577a6f1 elementor-section-boxed elementor-section-height-default elementor-section-height-default\" data-id=\"577a6f1\" data-element_type=\"section\" data-e-type=\"section\">\n\t\t\t\t\t\t<div class=\"elementor-container elementor-column-gap-default\">\n\t\t\t\t\t<div class=\"elementor-column elementor-col-100 elementor-top-column elementor-element elementor-element-f131f78\" data-id=\"f131f78\" data-element_type=\"column\" data-e-type=\"column\">\n\t\t\t<div class=\"elementor-widget-wrap elementor-element-populated\">\n\t\t\t\t\t\t<div class=\"elementor-element elementor-element-5ec19ff elementor-widget__width-initial elementor-widget elementor-widget-text-editor\" data-id=\"5ec19ff\" data-element_type=\"widget\" data-e-type=\"widget\" data-widget_type=\"text-editor.default\">\n\t\t\t\t<div class=\"elementor-widget-container\">\n\t\t\t\t\t\t\t\t\t<div style=\"text-align: justify;\">&nbsp;<\/div>\n<h3><span style=\"font-family: var( --e-global-typography-text-font-family ), Sans-serif; font-style: inherit; font-weight: var( --e-global-typography-text-font-weight ); text-align: justify; font-size: var( --e-global-typography-text-font-size ); color: black;\">Asociaci\u00f3n Caminos has drafted the<b> &#8220;Manifesto for a coherent and safe seismic regulation&#8221;<\/b> urging the Government to <b>withdraw the draft RD for the approval of the Seismic Resistant Construction Standard (NCSR-23)<\/b><\/span><b style=\"font-family: var( --e-global-typography-text-font-family ), Sans-serif; font-style: inherit; color: var( --e-global-color-text ); text-align: justify; font-size: var( --e-global-typography-text-font-size );\"> <span style=\"color: black;\">and to enable the use of the Eurocodes in their entirety in Spain.<\/span><\/b><\/h3>\n<p style=\"margin-top: 10.0pt; text-align: justify; line-height: 18.0pt; mso-line-height-rule: exactly;\"><span style=\"color: black;\">During the discussion session organized by Asociaci\u00f3n Caminos on the NCSR-23 issue, whose news you can read <strong><a href=\"https:\/\/www.asociacioncaminos.es\/riesgos-para-la-seguridad-frente-a-terremotos-la-nueva-norma-sismica-a-debate\/\">here<\/a><\/strong>,<\/span><span style=\"color: black;\"> we could perceive the feelings of the vast majority of the sector, academia, professionals, associations and even public officials, who openly reject the NCSR with technical criteria. <\/span><\/p>\n<p style=\"margin-top: 10.0pt; text-align: justify; line-height: 18.0pt; mso-line-height-rule: exactly;\"><span style=\"color: black;\"><strong>We urge all professionals and institutions<\/strong> committed to good practice in our profession to<b> support the Manifesto <\/b>. To do so, send an email to<\/span><span style=\"color: #085a7f;\"><br><strong> comunicacion@asociacioncaminos.es <\/strong><\/span><span style=\"color: black;\">indicating, if appropriate, your professional position.<\/span><\/p>\n<p><strong><a href=\"https:\/\/www.asociacioncaminos.es\/wp-content\/uploads\/2023\/09\/230920_Manifiesto-contra-NCSR.pdf\" target=\"_blank\" rel=\"noopener\">Download here the manifesto and the list of supporters.<\/a><\/strong><\/p>\n<p style=\"text-align: justify;\"><span style=\"color: #000000;\"><strong>Various professionals have petitioned the government through videos<\/strong> to halt the approval of NCSR-23 and allow the direct application of the Eurocodes: <\/span><\/p>\n<ul>\n<li style=\"text-align: justify;\"><span style=\"color: #000000;\"><a href=\"https:\/\/youtu.be\/wzthRLMAgqA\"><strong>Javier Herrero Lizano <\/strong><\/a>&#8211; Former General Director of Roads<\/span><\/li>\n<li style=\"text-align: justify;\"><span style=\"color: #000000;\"><a href=\"https:\/\/youtube.com\/shorts\/5X-dB4Lo1FI\"><strong>Beatriz San Mill\u00e1n Serrano <\/strong><\/a>&#8211; ASCH Director of Works<\/span><\/li>\n<li style=\"text-align: justify;\"><span style=\"color: #000000;\"><a href=\"https:\/\/youtube.com\/shorts\/IiL3kKQpZRc\"><strong>Juan Montero <\/strong><\/a>&#8211; Water consultant<\/span><\/li>\n<li style=\"text-align: justify;\"><span style=\"color: #000000;\"><strong><a href=\"https:\/\/youtube.com\/shorts\/PkrDTlpn114\">Almudena Leal Gomis<\/a>&nbsp;<\/strong>&#8211; Caminos Association Member<\/span><\/li>\n<li style=\"text-align: justify;\"><span style=\"color: #000000;\"><strong><a href=\"https:\/\/youtube.com\/shorts\/SqeFL97jtvI\">Joaqu\u00edn D\u00edez-Gasc\u00f3n Sagrado<\/a> <\/strong>&#8211; Professor of Dams<\/span><\/li>\n<li style=\"text-align: justify;\"><span style=\"color: #000000;\"><a href=\"https:\/\/youtu.be\/rDfDy9WOx-w\"><strong>Maria Joao Freitas<\/strong><\/a>&nbsp;&#8211; Portuguese engineer<\/span><\/li>\n<li style=\"text-align: justify;\"><span style=\"color: #000000;\"><strong><a href=\"https:\/\/youtube.com\/shorts\/1qGXOZ9ycmk\">Jos\u00e9 Mar\u00eda Izard Galindo<\/a>&nbsp;<\/strong>&#8211; Consultant specializing in roads<\/span><\/li>\n<li style=\"text-align: justify;\"><span style=\"color: #000000;\"><a href=\"https:\/\/youtube.com\/shorts\/oS7xJey07EM\"><strong>Jes\u00fas Contreras Olmedo<\/strong><\/a>&nbsp;&#8211; Caminos Association Member<\/span><\/li>\n<li style=\"text-align: justify;\"><span style=\"color: #000000;\"><strong><a href=\"https:\/\/youtu.be\/rUMGQ0WSSVo\">Eduardo Alonso P\u00e9rez de \u00c0greda<\/a>&nbsp;<\/strong>&#8211; Professor of Soil Mechanics<\/span><\/li>\n<li style=\"text-align: justify;\"><span style=\"color: #000000;\"><strong><a href=\"https:\/\/youtube.com\/shorts\/2hISHz2j3Ps\">Victor Diaz<\/a>&nbsp;<\/strong>&#8211; Colombian civil engineer<\/span><\/li>\n<li style=\"text-align: justify;\"><span style=\"color: #000000;\"><strong><a href=\"https:\/\/youtube.com\/shorts\/67rRoKzMj3Q\">Ram\u00f3n Cazcarra<\/a>&nbsp;<\/strong>&#8211; Civil Engineer<\/span><\/li>\n<li style=\"text-align: justify;\"><span style=\"color: #000000;\"><strong><a href=\"https:\/\/youtube.com\/shorts\/Q3uzyuoSlIU\">Antonio Pujol G\u00f3mez<\/a>&nbsp;<\/strong>&#8211; Industrial Engineer<\/span><\/li>\n<li style=\"text-align: justify;\"><span style=\"color: #000000;\"><strong><a href=\"https:\/\/youtube.com\/shorts\/e_HGE7i-9AQ\">Ricardo Fern\u00e1ndez Cuevas<\/a>&nbsp;<\/strong>&#8211; President ATI<\/span><\/li>\n<li style=\"text-align: justify;\"><span style=\"color: #000000;\"><strong><a href=\"https:\/\/youtu.be\/VwK3ZvUIq_g\">Miguel Alonso P\u00e9rez de \u00c1greda<\/a>&nbsp;<\/strong>&#8211; Civil Engineer<\/span><\/li>\n<li style=\"text-align: justify;\"><span style=\"color: #000000;\"><strong><a href=\"https:\/\/youtu.be\/Wdh36t4T_pw\">Peter Tanner<\/a>&nbsp;<\/strong>&#8211; Member of the eurocodes editorial board<\/span><\/li>\n<\/ul>\n<p style=\"text-align: justify;\"><em style=\"color: var( --e-global-color-text ); font-family: var( --e-global-typography-text-font-family ), Sans-serif; font-size: var( --e-global-typography-text-font-size ); font-weight: var( --e-global-typography-text-font-weight );\"><span style=\"font-weight: bold;\">The Spanish Association of Civil Engineers<\/span><\/em><\/p>\n<p><em>was created in 1903 to represent its members in all kinds of actions and to promote their union and spirit of collaboration. The Caminos Association is a private association with a national scope. From within the Association, the creation of the Institute of Engineering (1905) was promoted, as well as the College of Civil Engineers (1953).<\/em><\/p>\n<p style=\"margin-top: 10.0pt; text-align: justify; line-height: 18.0pt; mso-line-height-rule: exactly;\">\n<\/p>\t\t\t\t\t\t\t\t<\/div>\n\t\t\t\t<\/div>\n\t\t\t\t\t<\/div>\n\t\t<\/div>\n\t\t\t\t\t<\/div>\n\t\t<\/section>\n\t\t\t\t<\/div>\n\t\t","protected":false},"excerpt":{"rendered":"<p>Manifesto against NSCR-23 Manifiesto against NSCR-23 Manifesto against the new seismic-resistant standard NSCR-23 &nbsp; Asociaci\u00f3n Caminos has drafted the &#8220;Manifesto for a coherent and safe seismic regulation&#8221; urging the Government to withdraw the draft RD for the approval of the Seismic Resistant Construction Standard (NCSR-23) and to enable the use of the Eurocodes in their &#8230; <a title=\"Manifesto against NSCR-23\" class=\"read-more\" href=\"https:\/\/www.asociacioncaminos.es\/en\/manifesto-against-nscr-23\/\" aria-label=\"Read more about Manifesto against NSCR-23\">Read more<\/a><\/p>\n","protected":false},"author":5,"featured_media":0,"parent":0,"menu_order":0,"comment_status":"closed","ping_status":"closed","template":"elementor_header_footer","meta":{"footnotes":""},"class_list":["post-6290","page","type-page","status-publish"],"yoast_head":"<!-- This site is optimized with the Yoast SEO plugin v27.2 - https:\/\/yoast.com\/product\/yoast-seo-wordpress\/ -->\n<title>Manifesto against NSCR-23 - Asociaci\u00f3n de Ingenieros de Caminos, Canales y Puerto<\/title>\n<meta name=\"robots\" content=\"index, follow, max-snippet:-1, max-image-preview:large, max-video-preview:-1\" \/>\n<link rel=\"canonical\" href=\"https:\/\/www.asociacioncaminos.es\/en\/manifesto-against-nscr-23\/\" \/>\n<meta property=\"og:locale\" content=\"en_US\" \/>\n<meta property=\"og:type\" content=\"article\" \/>\n<meta property=\"og:title\" content=\"Manifesto against NSCR-23 - Asociaci\u00f3n de Ingenieros de Caminos, Canales y Puerto\" \/>\n<meta property=\"og:description\" content=\"Manifesto against NSCR-23 Manifiesto against NSCR-23 Manifesto against the new seismic-resistant standard NSCR-23 &nbsp; Asociaci\u00f3n Caminos has drafted the &#8220;Manifesto for a coherent and safe seismic regulation&#8221; urging the Government to withdraw the draft RD for the approval of the Seismic Resistant Construction Standard (NCSR-23) and to enable the use of the Eurocodes in their ... Read more\" \/>\n<meta property=\"og:url\" content=\"https:\/\/www.asociacioncaminos.es\/en\/manifesto-against-nscr-23\/\" \/>\n<meta property=\"og:site_name\" content=\"Asociaci\u00f3n de Ingenieros de Caminos, Canales y Puerto\" \/>\n<meta property=\"article:modified_time\" content=\"2023-10-21T11:45:42+00:00\" \/>\n<meta name=\"twitter:card\" content=\"summary_large_image\" \/>\n<meta name=\"twitter:label1\" content=\"Est. reading time\" \/>\n\t<meta name=\"twitter:data1\" content=\"2 minutes\" \/>\n<script type=\"application\/ld+json\" class=\"yoast-schema-graph\">{\"@context\":\"https:\/\/schema.org\",\"@graph\":[{\"@type\":\"WebPage\",\"@id\":\"https:\/\/www.asociacioncaminos.es\/en\/manifesto-against-nscr-23\/\",\"url\":\"https:\/\/www.asociacioncaminos.es\/en\/manifesto-against-nscr-23\/\",\"name\":\"Manifesto against NSCR-23 - Asociaci\u00f3n de Ingenieros de Caminos, Canales y Puerto\",\"isPartOf\":{\"@id\":\"https:\/\/www.asociacioncaminos.es\/en\/#website\"},\"datePublished\":\"2023-05-29T08:14:02+00:00\",\"dateModified\":\"2023-10-21T11:45:42+00:00\",\"breadcrumb\":{\"@id\":\"https:\/\/www.asociacioncaminos.es\/en\/manifesto-against-nscr-23\/#breadcrumb\"},\"inLanguage\":\"en-US\",\"potentialAction\":[{\"@type\":\"ReadAction\",\"target\":[\"https:\/\/www.asociacioncaminos.es\/en\/manifesto-against-nscr-23\/\"]}]},{\"@type\":\"BreadcrumbList\",\"@id\":\"https:\/\/www.asociacioncaminos.es\/en\/manifesto-against-nscr-23\/#breadcrumb\",\"itemListElement\":[{\"@type\":\"ListItem\",\"position\":1,\"name\":\"Portada\",\"item\":\"https:\/\/www.asociacioncaminos.es\/en\/\"},{\"@type\":\"ListItem\",\"position\":2,\"name\":\"Manifesto against NSCR-23\"}]},{\"@type\":\"WebSite\",\"@id\":\"https:\/\/www.asociacioncaminos.es\/en\/#website\",\"url\":\"https:\/\/www.asociacioncaminos.es\/en\/\",\"name\":\"Asociaci\u00f3n de Ingenieros de Caminos, Canales y Puerto\",\"description\":\"\",\"publisher\":{\"@id\":\"https:\/\/www.asociacioncaminos.es\/en\/#organization\"},\"potentialAction\":[{\"@type\":\"SearchAction\",\"target\":{\"@type\":\"EntryPoint\",\"urlTemplate\":\"https:\/\/www.asociacioncaminos.es\/en\/?s={search_term_string}\"},\"query-input\":{\"@type\":\"PropertyValueSpecification\",\"valueRequired\":true,\"valueName\":\"search_term_string\"}}],\"inLanguage\":\"en-US\"},{\"@type\":\"Organization\",\"@id\":\"https:\/\/www.asociacioncaminos.es\/en\/#organization\",\"name\":\"Asociaci\u00f3n de Ingenieros de Caminos, Canales y Puerto\",\"url\":\"https:\/\/www.asociacioncaminos.es\/en\/\",\"logo\":{\"@type\":\"ImageObject\",\"inLanguage\":\"en-US\",\"@id\":\"https:\/\/www.asociacioncaminos.es\/en\/#\/schema\/logo\/image\/\",\"url\":\"https:\/\/www.asociacioncaminos.es\/wp-content\/uploads\/2022\/06\/cropped-logotipo-secundario-asociacion-caminos-color-1b.png\",\"contentUrl\":\"https:\/\/www.asociacioncaminos.es\/wp-content\/uploads\/2022\/06\/cropped-logotipo-secundario-asociacion-caminos-color-1b.png\",\"width\":842,\"height\":436,\"caption\":\"Asociaci\u00f3n de Ingenieros de Caminos, Canales y Puerto\"},\"image\":{\"@id\":\"https:\/\/www.asociacioncaminos.es\/en\/#\/schema\/logo\/image\/\"}}]}<\/script>\n<!-- \/ Yoast SEO plugin. -->","yoast_head_json":{"title":"Manifesto against NSCR-23 - Asociaci\u00f3n de Ingenieros de Caminos, Canales y Puerto","robots":{"index":"index","follow":"follow","max-snippet":"max-snippet:-1","max-image-preview":"max-image-preview:large","max-video-preview":"max-video-preview:-1"},"canonical":"https:\/\/www.asociacioncaminos.es\/en\/manifesto-against-nscr-23\/","og_locale":"en_US","og_type":"article","og_title":"Manifesto against NSCR-23 - Asociaci\u00f3n de Ingenieros de Caminos, Canales y Puerto","og_description":"Manifesto against NSCR-23 Manifiesto against NSCR-23 Manifesto against the new seismic-resistant standard NSCR-23 &nbsp; Asociaci\u00f3n Caminos has drafted the &#8220;Manifesto for a coherent and safe seismic regulation&#8221; urging the Government to withdraw the draft RD for the approval of the Seismic Resistant Construction Standard (NCSR-23) and to enable the use of the Eurocodes in their ... Read more","og_url":"https:\/\/www.asociacioncaminos.es\/en\/manifesto-against-nscr-23\/","og_site_name":"Asociaci\u00f3n de Ingenieros de Caminos, Canales y Puerto","article_modified_time":"2023-10-21T11:45:42+00:00","twitter_card":"summary_large_image","twitter_misc":{"Est. reading time":"2 minutes"},"schema":{"@context":"https:\/\/schema.org","@graph":[{"@type":"WebPage","@id":"https:\/\/www.asociacioncaminos.es\/en\/manifesto-against-nscr-23\/","url":"https:\/\/www.asociacioncaminos.es\/en\/manifesto-against-nscr-23\/","name":"Manifesto against NSCR-23 - Asociaci\u00f3n de Ingenieros de Caminos, Canales y Puerto","isPartOf":{"@id":"https:\/\/www.asociacioncaminos.es\/en\/#website"},"datePublished":"2023-05-29T08:14:02+00:00","dateModified":"2023-10-21T11:45:42+00:00","breadcrumb":{"@id":"https:\/\/www.asociacioncaminos.es\/en\/manifesto-against-nscr-23\/#breadcrumb"},"inLanguage":"en-US","potentialAction":[{"@type":"ReadAction","target":["https:\/\/www.asociacioncaminos.es\/en\/manifesto-against-nscr-23\/"]}]},{"@type":"BreadcrumbList","@id":"https:\/\/www.asociacioncaminos.es\/en\/manifesto-against-nscr-23\/#breadcrumb","itemListElement":[{"@type":"ListItem","position":1,"name":"Portada","item":"https:\/\/www.asociacioncaminos.es\/en\/"},{"@type":"ListItem","position":2,"name":"Manifesto against NSCR-23"}]},{"@type":"WebSite","@id":"https:\/\/www.asociacioncaminos.es\/en\/#website","url":"https:\/\/www.asociacioncaminos.es\/en\/","name":"Asociaci\u00f3n de Ingenieros de Caminos, Canales y Puerto","description":"","publisher":{"@id":"https:\/\/www.asociacioncaminos.es\/en\/#organization"},"potentialAction":[{"@type":"SearchAction","target":{"@type":"EntryPoint","urlTemplate":"https:\/\/www.asociacioncaminos.es\/en\/?s={search_term_string}"},"query-input":{"@type":"PropertyValueSpecification","valueRequired":true,"valueName":"search_term_string"}}],"inLanguage":"en-US"},{"@type":"Organization","@id":"https:\/\/www.asociacioncaminos.es\/en\/#organization","name":"Asociaci\u00f3n de Ingenieros de Caminos, Canales y Puerto","url":"https:\/\/www.asociacioncaminos.es\/en\/","logo":{"@type":"ImageObject","inLanguage":"en-US","@id":"https:\/\/www.asociacioncaminos.es\/en\/#\/schema\/logo\/image\/","url":"https:\/\/www.asociacioncaminos.es\/wp-content\/uploads\/2022\/06\/cropped-logotipo-secundario-asociacion-caminos-color-1b.png","contentUrl":"https:\/\/www.asociacioncaminos.es\/wp-content\/uploads\/2022\/06\/cropped-logotipo-secundario-asociacion-caminos-color-1b.png","width":842,"height":436,"caption":"Asociaci\u00f3n de Ingenieros de Caminos, Canales y Puerto"},"image":{"@id":"https:\/\/www.asociacioncaminos.es\/en\/#\/schema\/logo\/image\/"}}]}},"_links":{"self":[{"href":"https:\/\/www.asociacioncaminos.es\/en\/wp-json\/wp\/v2\/pages\/6290","targetHints":{"allow":["GET"]}}],"collection":[{"href":"https:\/\/www.asociacioncaminos.es\/en\/wp-json\/wp\/v2\/pages"}],"about":[{"href":"https:\/\/www.asociacioncaminos.es\/en\/wp-json\/wp\/v2\/types\/page"}],"author":[{"embeddable":true,"href":"https:\/\/www.asociacioncaminos.es\/en\/wp-json\/wp\/v2\/users\/5"}],"replies":[{"embeddable":true,"href":"https:\/\/www.asociacioncaminos.es\/en\/wp-json\/wp\/v2\/comments?post=6290"}],"version-history":[{"count":0,"href":"https:\/\/www.asociacioncaminos.es\/en\/wp-json\/wp\/v2\/pages\/6290\/revisions"}],"wp:attachment":[{"href":"https:\/\/www.asociacioncaminos.es\/en\/wp-json\/wp\/v2\/media?parent=6290"}],"curies":[{"name":"wp","href":"https:\/\/api.w.org\/{rel}","templated":true}]}}